{"id":286,"date":"2023-04-14T11:33:10","date_gmt":"2023-04-14T11:33:10","guid":{"rendered":"https:\/\/benedictum.hu\/?page_id=286"},"modified":"2023-05-21T09:26:11","modified_gmt":"2023-05-21T09:26:11","slug":"csatolmanyok","status":"publish","type":"page","link":"http:\/\/benedictum.hu\/en\/csatolmanyok\/","title":{"rendered":"Attachments"},"content":{"rendered":"[et_pb_section fb_built=&#8221;1&#8243; theme_builder_area=&#8221;post_content&#8221; _builder_version=&#8221;4.20.4&#8243; _module_preset=&#8221;default&#8221;][et_pb_row _builder_version=&#8221;4.20.4&#8243; _module_preset=&#8221;default&#8221; theme_builder_area=&#8221;post_content&#8221;][et_pb_column _builder_version=&#8221;4.20.4&#8243; _module_preset=&#8221;default&#8221; type=&#8221;4_4&#8243; theme_builder_area=&#8221;post_content&#8221;][et_pb_text _builder_version=&#8221;4.20.4&#8243; _module_preset=&#8221;default&#8221; theme_builder_area=&#8221;post_content&#8221; hover_enabled=&#8221;0&#8243; sticky_enabled=&#8221;0&#8243;]<p><span>We can accept the following formats as attachments:<\/span><\/p>\n<ul>\n<li><span>HTML documents (*.html, *.htm)<\/span><\/li>\n<li><span>Microsoft Word documents and Rich<\/span><\/li>\n<li><span>Text files (*.doc, *.docx, *.rtf)<\/span><\/li>\n<li><span>Microsoft Excel files (*.xls, *.xlt, *.xlsx)<\/span><\/li>\n<li><span>Microsoft Excel XML spreadsheets (*.xml)<\/span><\/li>\n<li><span>Microsoft PowerPoint files (*.ppt, *.pps, *.pot, *.pptx, *.ppsx, *.potx)<\/span><\/li>\n<li><span>Microsoft Visio files (*.vsd, *.vsdx)<\/span><\/li>\n<li><span>Microsoft Outlook messages (*.msg)<\/span><\/li>\n<li><span>OpenOffice.org Write documents (*.odt)<\/span><\/li>\n<li><span>Text files (*.txt, *.inf, *.ini, *.reg, and many more).<\/span><\/li>\n<li><span>SubRip video subtitle files (*.srt)<\/span><\/li>\n<li><span>Adobe Framemaker files (*.mif)<\/span><\/li>\n<li><span>Adobe InDesign INX and IDML files (*.inx, *.idml, *.indd)<\/span><\/li>\n<li><span>Adobe Photoshop files (*.psd)<br \/><\/span><\/li>\n<li><span>XML and SGML files (*.xml, *.sgml)<br \/><\/span><\/li>\n<li><span>XLIFF files (*xlf; *.xlz)<br \/><\/span><\/li>\n<li><span>.NET resource files (*.resx)<br \/><\/span><\/li>\n<li><span>Portable Document Format (PDF)<br \/><\/span><\/li>\n<li><span>Java properties files (*.properties)<br \/><\/span><\/li>\n<li><span>Gettext files (*.po, *.pot)<br \/><\/span><\/li>\n<li><span>AuthorIT projects (*.xml)<br \/><\/span><\/li>\n<li><span>DITA documents (*.dita)<br \/><\/span><\/li>\n<li><span>Translation Memory Exchange files (*.tmx)<br \/><\/span><\/li>\n<li><span>FreeMind mindmaps (*.mm)<br \/><\/span><\/li>\n<li><span>Microsoft Help Workshop files (*.hhc, *.hhk)<br \/><\/span><\/li>\n<li><span>Scalable Vector Graphics drawings (*.svg)<br \/><\/span><\/li>\n<li><span>Typo3 pages (*.xml)<br \/><\/span><\/li>\n<li><span>JSON (*.json)<br \/><\/span><\/li>\n<li><span>YAML (*.yaml)<br \/><\/span><\/li>\n<li><span>WPML XLIFF files (*.xliff)<br \/><\/span><\/li>\n<li><span>ZIP packages (*.zip)<\/span><\/li>\n<\/ul>\n<p><span>If it is not available, we will assist in making it editable.<\/span><\/p>[\/et_pb_text][\/et_pb_column][\/et_pb_row][\/et_pb_section]","protected":false},"excerpt":{"rendered":"<p>Csatolm\u00e1nyk\u00e9nt az al\u00e1bbi form\u00e1tumokat tudjuk elfogadni: HTML documents (*.html, *.htm) Microsoft Word documents and Rich Text files (*.doc, *.docx, *.rtf) Microsoft Excel files (*.xls, *.xlt, *.xlsx) Microsoft Excel XML spreadsheets (*.xml) Microsoft PowerPoint files (*.ppt, *.pps, *.pot, *.pptx, *.ppsx, *.potx) Microsoft Visio files (*.vsd, *.vsdx) Microsoft Outlook messages (*.msg) OpenOffice.org Write documents (*.odt) Text files (*.txt, *.inf, *.ini, *.reg, and many more). SubRip video subtitle files (*.srt) Adobe Framemaker files (*.mif) Adobe InDesign INX and IDML files (*.inx, *.idml, *.indd) Adobe Photoshop files (*.psd) XML and SGML files (*.xml, *.sgml) XLIFF files (*xlf; *.xlz) .NET resource files (*.resx) Portable Document Format (PDF) Java properties files (*.properties) Gettext files (*.po, *.pot) AuthorIT projects (*.xml) DITA documents (*.dita) Translation Memory Exchange files (*.tmx) FreeMind mindmaps (*.mm) Microsoft Help Workshop files (*.hhc, *.hhk) Scalable Vector Graphics drawings (*.svg) Typo3 pages (*.xml) JSON (*.json) YAML (*.yaml) WPML XLIFF files (*.xliff) ZIP packages (*.zip) Amennyiben nem \u00e1ll rendelkez\u00e9sre \u00fagy seg\u00edt\u00fcnk a szerkeszthet\u0151v\u00e9 t\u00e9telen!<\/p>","protected":false},"author":1,"featured_media":229642,"parent":0,"menu_order":0,"comment_status":"closed","ping_status":"closed","template":"","meta":{"_et_pb_use_builder":"on","_et_pb_old_content":"","_et_gb_content_width":"","_monsterinsights_skip_tracking":false,"_monsterinsights_sitenote_active":false,"_monsterinsights_sitenote_note":"","_monsterinsights_sitenote_category":0,"footnotes":""},"class_list":["post-286","page","type-page","status-publish","has-post-thumbnail","hentry"],"_links":{"self":[{"href":"http:\/\/benedictum.hu\/en\/wp-json\/wp\/v2\/pages\/286","targetHints":{"allow":["GET"]}}],"collection":[{"href":"http:\/\/benedictum.hu\/en\/wp-json\/wp\/v2\/pages"}],"about":[{"href":"http:\/\/benedictum.hu\/en\/wp-json\/wp\/v2\/types\/page"}],"author":[{"embeddable":true,"href":"http:\/\/benedictum.hu\/en\/wp-json\/wp\/v2\/users\/1"}],"replies":[{"embeddable":true,"href":"http:\/\/benedictum.hu\/en\/wp-json\/wp\/v2\/comments?post=286"}],"version-history":[{"count":3,"href":"http:\/\/benedictum.hu\/en\/wp-json\/wp\/v2\/pages\/286\/revisions"}],"predecessor-version":[{"id":229972,"href":"http:\/\/benedictum.hu\/en\/wp-json\/wp\/v2\/pages\/286\/revisions\/229972"}],"wp:featuredmedia":[{"embeddable":true,"href":"http:\/\/benedictum.hu\/en\/wp-json\/wp\/v2\/media\/229642"}],"wp:attachment":[{"href":"http:\/\/benedictum.hu\/en\/wp-json\/wp\/v2\/media?parent=286"}],"curies":[{"name":"wp","href":"https:\/\/api.w.org\/{rel}","templated":true}]}}