{"id":116,"date":"2023-04-04T14:27:31","date_gmt":"2023-04-04T14:27:31","guid":{"rendered":"https:\/\/benedictum.hu\/?page_id=116"},"modified":"2023-05-21T09:23:26","modified_gmt":"2023-05-21T09:23:26","slug":"irodaink-megkozelithetosege","status":"publish","type":"page","link":"https:\/\/benedictum.hu\/en\/irodaink-megkozelithetosege\/","title":{"rendered":"Irod\u00e1ink megk\u00f6zel\u00edthet\u0151s\u00e9ge"},"content":{"rendered":"[et_pb_section fb_built=&#8221;1&#8243; _builder_version=&#8221;4.20.4&#8243; _module_preset=&#8221;default&#8221; custom_padding=&#8221;9px||0px|||&#8221; global_colors_info=&#8221;{}&#8221;][et_pb_row _builder_version=&#8221;4.20.4&#8243; _module_preset=&#8221;default&#8221; global_colors_info=&#8221;{}&#8221;][et_pb_column type=&#8221;4_4&#8243; _builder_version=&#8221;4.20.4&#8243; _module_preset=&#8221;default&#8221; global_colors_info=&#8221;{}&#8221;][et_pb_text _builder_version=&#8221;4.20.4&#8243; _module_preset=&#8221;default&#8221; global_colors_info=&#8221;{}&#8221;]<h2 class=\"u-text u-text-custom-color-1 u-text-default u-text-1\" style=\"text-align: center;\">Directions to our offices.<\/h2>\n<div class=\"u-clearfix u-expanded-width u-layout-wrap u-layout-wrap-1\">\n<div class=\"u-layout\">\n<div class=\"u-layout-col\">\n<div class=\"u-container-style u-layout-cell u-right-cell u-size-20 u-layout-cell-1\">\n<div class=\"u-container-layout u-valign-top u-container-layout-1\"><\/div>\n<\/div>\n<\/div>\n<\/div>\n<\/div>[\/et_pb_text][\/et_pb_column][\/et_pb_row][\/et_pb_section][et_pb_section fb_built=&#8221;1&#8243; specialty=&#8221;on&#8221; _builder_version=&#8221;4.20.4&#8243; _module_preset=&#8221;default&#8221; custom_padding=&#8221;4px|||||&#8221; global_colors_info=&#8221;{}&#8221;][et_pb_column type=&#8221;1_2&#8243; specialty_columns=&#8221;2&#8243; _builder_version=&#8221;4.16&#8243; custom_padding=&#8221;|||&#8221; global_colors_info=&#8221;{}&#8221; custom_padding__hover=&#8221;|||&#8221;][et_pb_row_inner _builder_version=&#8221;4.20.4&#8243; _module_preset=&#8221;default&#8221; global_colors_info=&#8221;{}&#8221;][et_pb_column_inner saved_specialty_column_type=&#8221;1_2&#8243; _builder_version=&#8221;4.20.4&#8243; _module_preset=&#8221;default&#8221; global_colors_info=&#8221;{}&#8221;][et_pb_text _builder_version=&#8221;4.20.4&#8243; _module_preset=&#8221;default&#8221; header_2_font=&#8221;Montserrat|800||on|||||&#8221; header_2_font_size=&#8221;28px&#8221; hover_enabled=&#8221;0&#8243; global_colors_info=&#8221;{}&#8221; sticky_enabled=&#8221;0&#8243;]<div class=\"u-clearfix u-expanded-width u-layout-wrap u-layout-wrap-1\">\n<div class=\"u-layout\">\n<div class=\"u-layout-col\">\n<div class=\"u-container-style u-layout-cell u-right-cell u-size-20 u-layout-cell-1\">\n<div class=\"u-container-layout u-valign-top u-container-layout-1\">\n<h2><strong><br \/>How to find the office of BeneDictum Kft. in Budapest?<br \/><\/strong><\/h2>\n<h3><strong>From Oktogon t\u00e9r<\/strong><\/h3>\n<p><strong>On foot: <\/strong><\/p>\n<p>Walk down on Ter\u00e9z krt. toward Nyugati p\u00e1lyaudvar (Nyugati Railway Station)\/Margit h\u00edd (Margaret Bridge)<\/p>\n<p><strong>By car:<\/strong><\/p>\n<p><span>Take the direction to Margit h\u00edd  and turn right at the first corner (Aradi utca). Then, at the first corner turn left onto E\u00f6tv\u00f6s utca, and again at the first corner to the left onto Szondi utca. From here please turn left onto Ter\u00e9z k\u00f6r\u00fat (toward Oktogon) and at the first corner turn right onto Dessewffy utca. At the second corner turn left onto Nagymez\u0151 utca and at the next corner to the left (at Cheho pub) is our street, Zichy Jen\u0151. Our office is just cca. 20 m from there.<\/span><\/p>\n<h3><strong>From De\u00e1k Ferenc t\u00e9r<\/strong><\/h3>\n<p><strong>Public transport + on foot:<\/strong><\/p>\n<p>Take underground line 1 (yellow line) to Oktogon, cross Andr\u00e1ssy \u00fat and walk on Ter\u00e9z k\u00f6r\u00fat in the direction of Nyugati p\u00e1lyaudvar\/Margit h\u00edd, then turn left at the second corner to Zichy Jen\u0151 utca (at \u201cara\u201d shoe store); or take underground line 3 (blue line) to Arany J\u00e1nos utca, cross Bajcsy-Zsilinszky \u00fat, and walk down Zichy Street to no. 38 (approximately 450 m).<\/p>\n<p><strong>By car:<\/strong><\/p>\n<p>Go north on Bajcsy-Zsilinszky \u00fat (toward Nyugati p\u00e1lyaudvar), and take the fourth right to Zichy Street.<\/p>\n<h3><strong>From Nyugati p\u00e1lyaudvar<\/strong><\/h3>\n<p><strong>On foot: <\/strong><\/p>\n<p>walk down on Ter\u00e9z k\u00f6r\u00fat or J\u00f3kai utca (the latter runs parallel with the boulevard from Sk\u00e1la) toward Oktogon t\u00e9r, and turn right at Zichy Jen\u0151 utca<\/p>\n<p><strong>By car: <\/strong><\/p>\n<p>start on Ter\u00e9z k\u00f6r\u00fat toward Oktogon t\u00e9r, turn right at the third corner (Dessewffy utca), then left at the second corner (Nagymez\u0151 utca), and finally left again at the next corner to Zichy Jen\u0151 utca (at Cheho pub)<br>\n<b>Parking:<\/b> <br>\nYou can more often than not find an empty spot in front of the building, but please note that between 6 p.m. and 7. a.m. parking is allowed only on the right side of the street for non-residents.<br>\nIn Zichy Jen\u0151 utca: Opera parking garage at Zichy Jen\u0151 utca 9.: 400 HUF\/hour<br> \u2013 Warning! One way street running from Bajcsy-Zsilinszky \u00fat toward the boulevard.<br>\nAt 36 Dessewffy Street: 500 HUF\/hour<br>\nAt 12-14 Dessewffy Street: 600 HUF\/hour<\/p>\n<p>&nbsp;<\/p>\n<\/div>\n<\/div>\n<\/div>\n<\/div>\n<\/div>[\/et_pb_text][\/et_pb_column_inner][\/et_pb_row_inner][\/et_pb_column][et_pb_column type=&#8221;1_2&#8243; _builder_version=&#8221;4.16&#8243; custom_padding=&#8221;|||&#8221; global_colors_info=&#8221;{}&#8221; custom_padding__hover=&#8221;|||&#8221;][et_pb_code _builder_version=&#8221;4.20.4&#8243; _module_preset=&#8221;default&#8221; global_colors_info=&#8221;{}&#8221;]<iframe src=\"https:\/\/www.google.com\/maps\/embed?pb=!1m14!1m8!1m3!1d10780.709987887278!2d19.0591405!3d47.5059344!3m2!1i1024!2i768!4f13.1!3m3!1m2!1s0x4741dc6616e64f07%3A0x36230b3c8138a6c0!2sBenedictum%20Kft.!5e0!3m2!1shu!2shu!4v1681476632799!5m2!1shu!2shu\" width=\"600\" height=\"450\" style=\"border:0;\" allowfullscreen=\"\" loading=\"lazy\" referrerpolicy=\"no-referrer-when-downgrade\"><\/iframe>[\/et_pb_code][et_pb_text _builder_version=&#8221;4.20.4&#8243; _module_preset=&#8221;default&#8221; text_font=&#8221;Montserrat||||||||&#8221; text_font_size=&#8221;15px&#8221; text_line_height=&#8221;1.1em&#8221; link_font=&#8221;Roboto||||on||||&#8221; link_text_color=&#8221;#ffcc00&#8243; header_4_font=&#8221;Montserrat|||on|||||&#8221; header_4_text_color=&#8221;#ffcc00&#8243; hover_enabled=&#8221;0&#8243; global_colors_info=&#8221;{}&#8221; sticky_enabled=&#8221;0&#8243;]<h4 style=\"text-align: left;\"><strong>Benedictum Kft. Budapest<\/strong><\/h4>\n<p style=\"text-align: left;\"><strong>Zichy Jen\u0151 u. 38. 1st. floor 1. Doorbell number 1<\/strong><\/p>\n<p style=\"text-align: left;\"><strong>Tel: +361\/4137-854<\/strong><\/p>\n<p style=\"text-align: left;\"><strong>Fax: +361\/4137-855<\/strong><\/p>\n<p style=\"text-align: left;\"><strong>Mobil: +36 20 2642-310, +36 20 319-7990<\/strong><\/p>\n<p style=\"text-align: left;\"><strong>E-mail: <a href=\"mailto:budapest@benedictum.hu\">budapest@benedictum.hu<\/a><\/strong><\/p>[\/et_pb_text][et_pb_button button_url=&#8221;https:\/\/bkk.hu\/menetrend-utazastervezes\/&#8221; url_new_window=&#8221;on&#8221; button_text=&#8221;Menetrendek&#8221; _builder_version=&#8221;4.20.4&#8243; _module_preset=&#8221;default&#8221; custom_button=&#8221;on&#8221; button_text_size=&#8221;17px&#8221; button_text_color=&#8221;#FFFFFF&#8221; button_bg_color=&#8221;#ffcc00&#8243; button_border_width=&#8221;0px&#8221; button_border_radius=&#8221;10px&#8221; global_colors_info=&#8221;{}&#8221;][\/et_pb_button][\/et_pb_column][\/et_pb_section][et_pb_section fb_built=&#8221;1&#8243; specialty=&#8221;on&#8221; _builder_version=&#8221;4.20.4&#8243; _module_preset=&#8221;default&#8221; custom_padding=&#8221;1px|||||&#8221; global_colors_info=&#8221;{}&#8221;][et_pb_column type=&#8221;1_2&#8243; specialty_columns=&#8221;2&#8243; _builder_version=&#8221;4.16&#8243; custom_padding=&#8221;|||&#8221; global_colors_info=&#8221;{}&#8221; custom_padding__hover=&#8221;|||&#8221;][et_pb_row_inner _builder_version=&#8221;4.20.4&#8243; _module_preset=&#8221;default&#8221; global_colors_info=&#8221;{}&#8221;][et_pb_column_inner saved_specialty_column_type=&#8221;1_2&#8243; _builder_version=&#8221;4.20.4&#8243; _module_preset=&#8221;default&#8221; global_colors_info=&#8221;{}&#8221;][et_pb_text _builder_version=&#8221;4.20.4&#8243; _module_preset=&#8221;default&#8221; header_2_font=&#8221;Montserrat|800||on|||||&#8221; header_2_font_size=&#8221;28px&#8221; global_colors_info=&#8221;{}&#8221;]<div class=\"u-clearfix u-expanded-width u-layout-wrap u-layout-wrap-1\">\n<div class=\"u-layout\">\n<div class=\"u-layout-col\">\n<div class=\"u-container-style u-layout-cell u-right-cell u-size-20 u-layout-cell-1\">\n<h2 class=\"u-container-layout u-valign-top u-container-layout-1\">How to find the office of BeneDictum Kft. in Miskolc?<\/h2>\n<\/div>\n<div class=\"u-container-style u-layout-cell u-size-20 u-layout-cell-2\">\n<div class=\"u-container-layout u-container-layout-2\">\n<p><b>From Di\u00f3sgy\u0151r:<\/b><\/p>\n<p class=\" translation-block\">By tram: get off the tram at the stop \u2019Szinvapark\u2019, walk to the intersection in the opposite direction. After crossing the road, take a left, and after passing under the bridge, you will find the stairway to our office to your right. When in the building, take the stairs to the first floor, then you will see our office at the end of the balcony opening from the staircase.<\/p>\n<p><b>From Avas:<\/b><\/p>\n<p class=\" translation-block\">By bus: starting from the bus stop next to Centrum, walk in the direction of the tram stop, cross the street, turn right and cross the street again. Turn left immediately after the crosswalk, and after passing under the bridge, you will find the stairway to our office to your right. When in the building, take the stairs to the first floor, then you will see our office at the end of the balcony opening from the staircase.<\/p>\n<p><b>From Tiszai p\u00e1lyaudvar (Tiszai Railway Station):<\/b><\/p>\n<p>By tram: get off at Centrum, cross the intersection. Take a left after the crosswalk, go straight ahead and the stairway to our office will be to your right. When in the building, take the stairs to the first floor, then you will see our office at the end of the balcony opening from the staircase.<\/p>\n<p><b>Parking:<\/b><span>\u00a0<\/span>In the parking lot behind Bat\u00f3 H\u00e1z, in the private parking lot between the office building and Arany Corvin shopping mall.<\/p>\n<\/div>\n<\/div>\n<\/div>\n<\/div>\n<\/div>[\/et_pb_text][\/et_pb_column_inner][\/et_pb_row_inner][\/et_pb_column][et_pb_column type=&#8221;1_2&#8243; _builder_version=&#8221;4.16&#8243; custom_padding=&#8221;|||&#8221; global_colors_info=&#8221;{}&#8221; custom_padding__hover=&#8221;|||&#8221;][et_pb_code _builder_version=&#8221;4.20.4&#8243; _module_preset=&#8221;default&#8221; global_colors_info=&#8221;{}&#8221;]<iframe src=\"https:\/\/www.google.com\/maps\/embed?pb=!1m14!1m8!1m3!1d10657.583356109457!2d20.7890278!3d48.1025993!3m2!1i1024!2i768!4f13.1!3m3!1m2!1s0x47409ff97d5ce1e7%3A0x67a487fbe4f857df!2sBeneDictum%20Kft%20Ford%C3%ADt%C3%B3iroda!5e0!3m2!1shu!2shu!4v1681476526573!5m2!1shu!2shu\" width=\"600\" height=\"450\" style=\"border:0;\" allowfullscreen=\"\" loading=\"lazy\" referrerpolicy=\"no-referrer-when-downgrade\"><\/iframe>[\/et_pb_code][et_pb_gallery _builder_version=&#8221;4.20.4&#8243; _module_preset=&#8221;default&#8221; gallery_ids=&#8221;330,331,332&#8243; show_title_and_caption=&#8221;off&#8221; show_pagination=&#8221;off&#8221; zoom_icon_color=&#8221;#FFCC00&#8243; hover_icon=&#8221;&#xe042;||divi||400&#8243; hover_enabled=&#8221;0&#8243; sticky_enabled=&#8221;0&#8243;][\/et_pb_gallery][et_pb_text _builder_version=&#8221;4.20.4&#8243; _module_preset=&#8221;default&#8221; text_font=&#8221;Montserrat||||||||&#8221; text_font_size=&#8221;15px&#8221; text_line_height=&#8221;1.1em&#8221; link_font=&#8221;Roboto||||on||||&#8221; link_text_color=&#8221;#ffcc00&#8243; header_4_font=&#8221;Montserrat|||on|||||&#8221; header_4_text_color=&#8221;#ffcc00&#8243; global_colors_info=&#8221;{}&#8221;]<h4 style=\"text-align: left;\"><strong>Benedictum Kft. Miskolc<\/strong><strong><\/strong><\/h4>\n<p style=\"text-align: left;\"><strong>Sz\u00e9chenyi u. 68. 1st floor (hanging corridor)<\/strong><\/p>\n<p style=\"text-align: left;\"><strong>Mobil:+36 20\/4637-989<\/strong><\/p>\n<p style=\"text-align: left;\"><strong>E-mail: <a href=\"mailto:miskolc@benedictum.hu\">miskolc@benedictum.hu<\/a><\/strong><\/p>[\/et_pb_text][et_pb_button button_url=&#8221;https:\/\/mvkzrt.hu\/utazastervezes&#8221; url_new_window=&#8221;on&#8221; button_text=&#8221;Menetrendek&#8221; _builder_version=&#8221;4.20.4&#8243; _module_preset=&#8221;default&#8221; custom_button=&#8221;on&#8221; button_text_size=&#8221;17px&#8221; button_text_color=&#8221;#FFFFFF&#8221; button_bg_color=&#8221;#ffcc00&#8243; button_border_width=&#8221;0px&#8221; button_border_radius=&#8221;10px&#8221; global_colors_info=&#8221;{}&#8221;][\/et_pb_button][\/et_pb_column][\/et_pb_section][et_pb_section fb_built=&#8221;1&#8243; specialty=&#8221;on&#8221; _builder_version=&#8221;4.20.4&#8243; _module_preset=&#8221;default&#8221; custom_padding=&#8221;0px|||||&#8221; global_colors_info=&#8221;{}&#8221;][et_pb_column type=&#8221;1_2&#8243; specialty_columns=&#8221;2&#8243; _builder_version=&#8221;4.16&#8243; custom_padding=&#8221;|||&#8221; global_colors_info=&#8221;{}&#8221; custom_padding__hover=&#8221;|||&#8221;][et_pb_row_inner _builder_version=&#8221;4.20.4&#8243; _module_preset=&#8221;default&#8221; global_colors_info=&#8221;{}&#8221;][et_pb_column_inner saved_specialty_column_type=&#8221;1_2&#8243; _builder_version=&#8221;4.20.4&#8243; _module_preset=&#8221;default&#8221; global_colors_info=&#8221;{}&#8221;][et_pb_text _builder_version=&#8221;4.20.4&#8243; _module_preset=&#8221;default&#8221; header_2_font=&#8221;Montserrat|800||on|||||&#8221; header_2_font_size=&#8221;28px&#8221; global_colors_info=&#8221;{}&#8221;]<div class=\"u-clearfix u-expanded-width u-layout-wrap u-layout-wrap-1\">\n<div class=\"u-layout\">\n<div class=\"u-layout-col\">\n<div class=\"u-container-style u-layout-cell u-size-20 u-layout-cell-2\">\n<div class=\"u-container-layout u-container-layout-2\">\n<h2>How to find the office of BeneDictum Kft. in Debrecen?<\/h2>\n<\/div>\n<\/div>\n<div class=\"u-container-style u-layout-cell u-left-cell u-size-20 u-layout-cell-3\">\n<div class=\"u-container-layout u-container-layout-3\">\n<p>You can find the office at the crossroads of Hunyadi \u00fat and P\u00e9terfia \u00fat, opposite the Reform\u00e1tus Tan\u00edt\u00f3k\u00e9pz\u0151 F\u0151iskola (Reformed Theological University) and the Plaza Mall.<\/p>\n<p><strong>By tram:<\/strong><\/p>\n<ul>\n<li>1 and 2 line: get off at the K\u00e1lvin t\u00e9r stop, and you will find the office opposite the tram stop.<\/li>\n<\/ul>\n<p><strong>By bus:<\/strong><\/p>\n<ul>\n<li class=\" translation-block\"><strong>15-15Y<\/strong> Doberd\u00f3 utca- to Sz\u00e9na Square\/Bayk Andr\u00e1s Street: get off at the K\u00e1lvin Square<\/li>\n<li><strong>11<\/strong> from Doberd\u00f3 utca- to Borz\u00e1n G\u00e1sp\u00e1r utca: get off at the K\u00e1lvin t\u00e9r stop<\/li>\n<li><strong>43<\/strong> from the Nagy\u00e1llom\u00e1s (Railway Station)- to Kishat\u00e1r utca: get off at the R\u00e1k\u00f3czi utca bus stop, and walking towards the Plaza, and you can find the office on the opposite side, at the corner.<\/li>\n<li class=\" translation-block\"><strong>22\/22Y \u2013 24\/24Y<\/strong>from Vincell\u00e9r utca- to Egyetem (University)\/Auguszta: get off at the K\u00e1lvin t\u00e9r or K\u00f6lcsey K\u00f6zpont bus stop\nBy car:<\/li>\n<\/ul>\n<p><strong>By car:<\/strong><\/p>\n<ul>\n<li>Pay parking on the street is possible, or across from the office at the Plaza\u2019s or P\u00e1rizsi Udvar\u2019s underground garage<\/li>\n<\/ul>\n<\/div>\n<\/div>\n<\/div>\n<\/div>\n<\/div>[\/et_pb_text][\/et_pb_column_inner][\/et_pb_row_inner][\/et_pb_column][et_pb_column type=&#8221;1_2&#8243; _builder_version=&#8221;4.16&#8243; custom_padding=&#8221;|||&#8221; global_colors_info=&#8221;{}&#8221; custom_padding__hover=&#8221;|||&#8221;][et_pb_code _builder_version=&#8221;4.20.4&#8243; _module_preset=&#8221;default&#8221; global_colors_info=&#8221;{}&#8221;]<iframe src=\"https:\/\/www.google.com\/maps\/embed?pb=!1m14!1m8!1m3!1d10774.88551071948!2d21.6255741!3d47.5342872!3m2!1i1024!2i768!4f13.1!3m3!1m2!1s0x47470f93576dbe23%3A0xd6b96890deae620c!2sBeneDictum%20Kft.!5e0!3m2!1shu!2shu!4v1681476674928!5m2!1shu!2shu\" width=\"600\" height=\"450\" style=\"border:0;\" allowfullscreen=\"\" loading=\"lazy\" referrerpolicy=\"no-referrer-when-downgrade\"><\/iframe>[\/et_pb_code][et_pb_image src=&#8221;https:\/\/benedictum.hu\/wp-content\/uploads\/2023\/04\/benedictum-debrecen-iroda.png&#8221; _builder_version=&#8221;4.20.4&#8243; _module_preset=&#8221;default&#8221; title_text=&#8221;benedictum-debrecen-iroda&#8221; show_in_lightbox=&#8221;on&#8221; use_overlay=&#8221;on&#8221; overlay_icon_color=&#8221;#FFCC00&#8243; hover_icon=&#8221;&#xe042;||divi||400&#8243; hover_enabled=&#8221;0&#8243; sticky_enabled=&#8221;0&#8243;][\/et_pb_image][et_pb_text _builder_version=&#8221;4.20.4&#8243; _module_preset=&#8221;default&#8221; text_font=&#8221;Montserrat||||||||&#8221; text_font_size=&#8221;15px&#8221; text_line_height=&#8221;1.1em&#8221; link_font=&#8221;Roboto||||on||||&#8221; link_text_color=&#8221;#ffcc00&#8243; header_4_font=&#8221;Montserrat|||on|||||&#8221; header_4_text_color=&#8221;#ffcc00&#8243; global_colors_info=&#8221;{}&#8221;]<h4><strong>BENEDICTUM KFT. DEBRECEN<\/strong><\/h4>\n<p><strong><span>P\u00e9terfia street 4. 2\/208.<\/span><\/strong><\/p>\n<p><strong>Mobil: +36 20\/3746-675<\/strong><\/p>\n<p><strong>E-mail:\u00a0<a href=\"mailto:miskolc@benedictum.hu\">debrecen@benedictum.hu<\/a><\/strong><\/p>\n<p>&nbsp;<\/p>[\/et_pb_text][et_pb_button button_url=&#8221;https:\/\/www.dkv.hu\/&#8221; url_new_window=&#8221;on&#8221; button_text=&#8221;Menetrendek&#8221; _builder_version=&#8221;4.20.4&#8243; _module_preset=&#8221;default&#8221; custom_button=&#8221;on&#8221; button_text_size=&#8221;17px&#8221; button_text_color=&#8221;#FFFFFF&#8221; button_bg_color=&#8221;#ffcc00&#8243; button_border_width=&#8221;0px&#8221; button_border_radius=&#8221;10px&#8221; global_colors_info=&#8221;{}&#8221;][\/et_pb_button][\/et_pb_column][\/et_pb_section]","protected":false},"excerpt":{"rendered":"<p>Irod\u00e1ink megk\u00f6zel\u00edt\u00e9se Hogyan tal\u00e1lod meg a BeneDictum Kft. irod\u00e1j\u00e1t Budapesten? Oktogont\u00f3l Gyalog: Elindulva a k\u00f6r\u00faton a Nyugati\/Margit h\u00edd ir\u00e1ny\u00e1ba kell indulni, majd balra fordulni Aut\u00f3val: Elindulva a Margit h\u00edd fel\u00e9 vegy\u00fck az ir\u00e1nyt, az 1. sarkon befordulunk jobbra az Aradi utc\u00e1ba, majd az 1. sarkon balra az E\u00f6tv\u00f6s utc\u00e1ba, ahonnan szint\u00e9n az els\u0151 sarkon balra a Szondi utc\u00e1ba megy\u00fcnk. Innen kikanyarodunk a k\u00f6r\u00fatra balra, visszafel\u00e9 az Oktogon ir\u00e1ny\u00e1ba, majd az 1. sarkon jobbra fordulunk a Dessewffy utc\u00e1ba, ahonnan a 2. sarkon balra fordulunk a Nagymez\u0151 utc\u00e1ba, majd szint\u00e9n az 1. sarkon (Cheho s\u00f6r\u00f6z\u0151n\u00e9l) befordulunk a Zichy Jen\u0151 utc\u00e1ba De\u00e1k t\u00e9rt\u0151l BKV + Gyalog: F\u00f6ldalattival az Oktogonig, majd \u00e1tkelve az Andr\u00e1ssy \u00faton kell elindulni a k\u00f6r\u00faton a Nyugati\/Margit h\u00edd ir\u00e1ny\u00e1ba, majd balra fordulni a Zichy Jen\u0151 utc\u00e1ba a 2. sarkon (ara cip\u0151boltn\u00e1l) 3-as (k\u00e9k) metr\u00f3val az Arany J\u00e1nos utcai meg\u00e1ll\u00f3ig, ott \u00e1tkelni a Bajcsy-Zsilinszky \u00faton, \u00e9s egyenesen hosszan a Zichy utc\u00e1n a 38-as sz\u00e1mhoz. Aut\u00f3val: Bajcsy-Zsilinszkyn kell elindulni a Nyugati fel\u00e9, \u00e9s a 4. sarkon jobbra a Zichy utc\u00e1ba Nyugati pu-t\u00f3l Gyalog: vagy a Ter\u00e9z krt-on, vagy a J\u00f3kai utc\u00e1n (a k\u00f6r\u00fattal p\u00e1rhozamosan fut, a Sk\u00e1l\u00e1n\u00e1l kezd\u0151dik) elindulni az Oktogon ir\u00e1ny\u00e1ba, majd a Zichy utc\u00e1n jobbra Aut\u00f3val: Ter\u00e9z krt. az Oktogon [&hellip;]<\/p>","protected":false},"author":1,"featured_media":229642,"parent":0,"menu_order":0,"comment_status":"closed","ping_status":"closed","template":"","meta":{"_et_pb_use_builder":"on","_et_pb_old_content":"","_et_gb_content_width":"","_monsterinsights_skip_tracking":false,"_monsterinsights_sitenote_active":false,"_monsterinsights_sitenote_note":"","_monsterinsights_sitenote_category":0,"footnotes":""},"class_list":["post-116","page","type-page","status-publish","has-post-thumbnail","hentry"],"_links":{"self":[{"href":"https:\/\/benedictum.hu\/en\/wp-json\/wp\/v2\/pages\/116","targetHints":{"allow":["GET"]}}],"collection":[{"href":"https:\/\/benedictum.hu\/en\/wp-json\/wp\/v2\/pages"}],"about":[{"href":"https:\/\/benedictum.hu\/en\/wp-json\/wp\/v2\/types\/page"}],"author":[{"embeddable":true,"href":"https:\/\/benedictum.hu\/en\/wp-json\/wp\/v2\/users\/1"}],"replies":[{"embeddable":true,"href":"https:\/\/benedictum.hu\/en\/wp-json\/wp\/v2\/comments?post=116"}],"version-history":[{"count":26,"href":"https:\/\/benedictum.hu\/en\/wp-json\/wp\/v2\/pages\/116\/revisions"}],"predecessor-version":[{"id":229970,"href":"https:\/\/benedictum.hu\/en\/wp-json\/wp\/v2\/pages\/116\/revisions\/229970"}],"wp:featuredmedia":[{"embeddable":true,"href":"https:\/\/benedictum.hu\/en\/wp-json\/wp\/v2\/media\/229642"}],"wp:attachment":[{"href":"https:\/\/benedictum.hu\/en\/wp-json\/wp\/v2\/media?parent=116"}],"curies":[{"name":"wp","href":"https:\/\/api.w.org\/{rel}","templated":true}]}}