{"id":124,"date":"2023-04-04T14:32:51","date_gmt":"2023-04-04T14:32:51","guid":{"rendered":"https:\/\/benedictum.hu\/?page_id=124"},"modified":"2023-05-21T09:19:59","modified_gmt":"2023-05-21T09:19:59","slug":"adatvedelmi-szabalyzat","status":"publish","type":"page","link":"https:\/\/benedictum.hu\/en\/adatvedelmi-szabalyzat\/","title":{"rendered":"Privacy policy"},"content":{"rendered":"[et_pb_section fb_built=&#8221;1&#8243; theme_builder_area=&#8221;post_content&#8221; _builder_version=&#8221;4.20.4&#8243; _module_preset=&#8221;default&#8221;][et_pb_row _builder_version=&#8221;4.20.4&#8243; _module_preset=&#8221;default&#8221; theme_builder_area=&#8221;post_content&#8221;][et_pb_column _builder_version=&#8221;4.20.4&#8243; _module_preset=&#8221;default&#8221; type=&#8221;4_4&#8243; theme_builder_area=&#8221;post_content&#8221;][et_pb_text _builder_version=&#8221;4.20.4&#8243; _module_preset=&#8221;default&#8221; theme_builder_area=&#8221;post_content&#8221; hover_enabled=&#8221;0&#8243; sticky_enabled=&#8221;0&#8243;]<h1 class=\"u-custom-font u-text u-text-default u-text-font u-text-1\">Privacy Policy<\/h1>\n<p class=\"u-align-left u-text u-text-2\">At BeneDictum Translation Agency your privacy is very important and we strive to protect the\npersonal information submitted to us, both during transmission and after we receive it. We\nkeep your personal information confidential and are committed at maintaining methods and\nprocedures in order to do so.\nBy using our website or our services, you unconditionally agree to be bound by this Privacy\nPolicy.<\/p>\n<p>\u00a0A BeneDictum Kft. nagyon komolyan veszi a szem\u00e9lyes adatok v\u00e9delm\u00e9t, az adatokat pedig \u00fczleti tev\u00e9kenys\u00e9ge sor\u00e1n kell\u0151 gondoss\u00e1ggal \u00e9s felel\u0151ss\u00e9ggel kezeli.<\/p>\n<p>\u00a0Why we collect personal information<\/p>\n<p>\u00a0BeneDictum Translation Agency collects and uses your personal information to provide you\nwith convenient access to our services. We might also use your personal information to\nadvise you on the latest service announcements, special offers and other information we think\nyou\u2019d like to hear about.<\/p>\n<p>\u00a0How we collect personal information<\/p>\n<p>\u00a0We collect personal information from our visitors when you correspond with us to request a\nquote or a brochure either verbally, in writting or electronically. We also collect information\nwhen you fill out our forms.\u00a0<\/p>\n<p>What personal information do we collect?\u00a0<\/p>\n<p>We may collect the following information about you:\u00a0<\/p>\n<p class=\" translation-block\">\u2022\tName <br>\n\u2022\tAddress <br>\n\u2022\tPostal Code  <br>\n\u2022\tPhone Number <br>\n\u2022\tEmail Address <br>\n\u2022\tPurchase history <br>\n\u2022\tProduct\/service preferences <br>\n\u2022\tCustomer satisfaction info <br>\n\u2022\tOpinions about products and services <br><\/p>\n<p>Collecting other personal information<\/p>\n<p>When you browse BeneDictum Translation Agency\u2019s website, you may do so anonymously;\nhowever, your browser does tell us your IP address, the type of operating system and browser\nyou use and where your computer is from. Our website uses \u201ccookie\u201d technology.\u00a0<\/p>\n<p>The cookies we use do not reveal any personal information about you.\u00a0<\/p>\n<p>Cookies help us understand which parts of our websites are the most popular, where our visitors are going and how long they spend there.\u00a0<\/p>\n<p>We use cookies to study traffic patterns on our site so we can make the site even better.\u00a0<\/p>\n<p class=\" translation-block\">Our commitment to privacy<\/p>\n<p class=\" translation-block\">To make sure your personal information remains confidential, all BeneDictum Translation Agency employees, translators, proofreaders, revisers and contractors are bound by confidentiality agreements.<\/p>\n<p class=\" translation-block\">How do we use this information?<\/p>\n<p class=\" translation-block\">The main reasons we collect personal information from you are:<\/p>\n<p><b>Tag\u00e1llami adatv\u00e9delmi jogszab\u00e1ly<\/b><br \/>A tag\u00e1llamokban a GDPR-rel \u00f6sszhangban elfogadott adatv\u00e9delmi jogszab\u00e1ly<\/p>\n<p class=\" translation-block\">\u2022\tto provide you with information, products or services that you request from us or which<br>\nwe feel may interest you;<br>\n\u2022\tto carry out our obligations arising from any contracts entered into between you and us;<br>\n\u2022\tto allow you to participate in interactive features of our service, when you choose to do so;<br>\n\u2022\tand<br>\n\u2022\tto notify you about changes to our service.<br><\/p>\n<p class=\" translation-block\">Sharing of Personal Information with Third Parties<\/p>\n<p class=\" translation-block\">We do not share your personal information with any third parties.<\/p>\n<p class=\" translation-block\">Contact<\/p>\n<p class=\" translation-block\">Questions, comments and requests regarding this Privacy and Cookies Policy are welcomed\nand should be addressed to miskolc@benedictum.hu.<\/p>[\/et_pb_text][\/et_pb_column][\/et_pb_row][\/et_pb_section]","protected":false},"excerpt":{"rendered":"<p>Adatv\u00e9delmi \u200bszab\u00e1lyzata A BeneDictum Kft. jelen adatv\u00e9delmi szab\u00e1lyzata (\u201eAdatv\u00e9delmi Szab\u00e1lyzat\u201d) megfogalmazza a szem\u00e9lyes adatok v\u00e9delm\u00e9re vonatkoz\u00f3 szab\u00e1lyokat. Az Adatv\u00e9delmi Szab\u00e1lyzat a GDPR \u00e9s a tag\u00e1llami adatv\u00e9delmi jogszab\u00e1lyainak rendelkez\u00e9seit t\u00fckr\u00f6zi. \u00a0A BeneDictum Kft. nagyon komolyan veszi a szem\u00e9lyes adatok v\u00e9delm\u00e9t, az adatokat pedig \u00fczleti tev\u00e9kenys\u00e9ge sor\u00e1n kell\u0151 gondoss\u00e1ggal \u00e9s felel\u0151ss\u00e9ggel kezeli. \u00a0Hat\u00e1ly \u00a0Jelen Adatv\u00e9delmi Szab\u00e1lyzat a BeneDictum Kft-re \u00e9s alkalmazottaira terjed ki. Kiterjed tov\u00e1bb\u00e1 minden olyan szem\u00e9lyes adat kezel\u00e9s\u00e9re, amely a GDPR* \u00e9s az uni\u00f3s tag\u00e1llamok nemzeti adatv\u00e9delmi jogszab\u00e1lyainak hat\u00e1lya alatt \u00e1ll. 1. Elj\u00e1r\u00e1s \u00e9s feladatok Az al\u00e1bbi rendelkez\u00e9sek a BeneDictum Kft. \u00e1ltal a szem\u00e9lyes adatok kezel\u00e9se sor\u00e1n k\u00f6vetend\u0151 elj\u00e1r\u00e1sokat mutatj\u00e1k be. \u00a01.1 \u00c1ltal\u00e1nos k\u00f6telezetts\u00e9g \u00a0A BeneDictum Kft. megfelel\u0151 int\u00e9zked\u00e9seket alkalmaz a szem\u00e9lyes adatokkal t\u00f6rt\u00e9n\u0151 vissza\u00e9l\u00e9sekkel, a szem\u00e9lyes adatok elveszt\u00e9s\u00e9vel vagy a szem\u00e9lyes adatokkal t\u00f6rt\u00e9n\u0151 k\u00e1rokoz\u00e1ssal szemben, valamint av\u00e9gett, hogy az adatokat a GDPR-ben \u00e9s a vonatkoz\u00f3 uni\u00f3s tag\u00e1llamok nemzeti adatv\u00e9delmi jogszab\u00e1lyaiban foglaltaknak betart\u00e1s\u00e1val kezelj\u00e9k. Az adatv\u00e9delmi el\u0151\u00edr\u00e1sok a BeneDictum Kft. \u00fczlett\u00e1rsai, munkat\u00e1rsai, \u00e1ll\u00e1sra jelentkez\u0151k, \u00fcgyfelei \u00e9s egy\u00e9b olyan term\u00e9szetes szem\u00e9lyek szem\u00e9lyes adatainak kezel\u00e9s\u00e9re vonatkoznak, akik szem\u00e9lyes adatait a BeneDictum Kft. kezeli.\u00a0 1.2 A szem\u00e9lyes adatok v\u00e9delm\u00e9nek alapelvei A BeneDictum Kft. tiszteletben tartja a GDPR \u00e1ltal az adatkezel\u00e9ssel kapcsolatban r\u00f6gz\u00edtett alapelveket. A vonatkoz\u00f3 alapelvek list\u00e1ja a k\u00f6vetkez\u0151: \u2022 A jogszer\u0171s\u00e9g elve [&hellip;]<\/p>","protected":false},"author":1,"featured_media":13,"parent":0,"menu_order":0,"comment_status":"closed","ping_status":"closed","template":"","meta":{"_et_pb_use_builder":"on","_et_pb_old_content":"","_et_gb_content_width":"","_monsterinsights_skip_tracking":false,"_monsterinsights_sitenote_active":false,"_monsterinsights_sitenote_note":"","_monsterinsights_sitenote_category":0,"footnotes":""},"class_list":["post-124","page","type-page","status-publish","has-post-thumbnail","hentry"],"_links":{"self":[{"href":"https:\/\/benedictum.hu\/en\/wp-json\/wp\/v2\/pages\/124","targetHints":{"allow":["GET"]}}],"collection":[{"href":"https:\/\/benedictum.hu\/en\/wp-json\/wp\/v2\/pages"}],"about":[{"href":"https:\/\/benedictum.hu\/en\/wp-json\/wp\/v2\/types\/page"}],"author":[{"embeddable":true,"href":"https:\/\/benedictum.hu\/en\/wp-json\/wp\/v2\/users\/1"}],"replies":[{"embeddable":true,"href":"https:\/\/benedictum.hu\/en\/wp-json\/wp\/v2\/comments?post=124"}],"version-history":[{"count":3,"href":"https:\/\/benedictum.hu\/en\/wp-json\/wp\/v2\/pages\/124\/revisions"}],"predecessor-version":[{"id":229969,"href":"https:\/\/benedictum.hu\/en\/wp-json\/wp\/v2\/pages\/124\/revisions\/229969"}],"wp:featuredmedia":[{"embeddable":true,"href":"https:\/\/benedictum.hu\/en\/wp-json\/wp\/v2\/media\/13"}],"wp:attachment":[{"href":"https:\/\/benedictum.hu\/en\/wp-json\/wp\/v2\/media?parent=124"}],"curies":[{"name":"wp","href":"https:\/\/api.w.org\/{rel}","templated":true}]}}