{"id":229982,"date":"2023-05-23T15:20:00","date_gmt":"2023-05-23T15:20:00","guid":{"rendered":"https:\/\/benedictum.hu\/?page_id=229982"},"modified":"2023-05-24T16:39:08","modified_gmt":"2023-05-24T16:39:08","slug":"impresszum","status":"publish","type":"page","link":"https:\/\/benedictum.hu\/en\/impresszum\/","title":{"rendered":"Imprint"},"content":{"rendered":"<p>[et_pb_section fb_built=&#8221;1&#8243; fullwidth=&#8221;on&#8221; _builder_version=&#8221;4.20.4&#8243; _module_preset=&#8221;default&#8221; global_colors_info=&#8221;{}&#8221;][et_pb_fullwidth_header title=&#8221;Impresszum&#8221; header_scroll_down=&#8221;on&#8221; button_one_text=&#8221;\u00cdRJ NEK\u00dcNK!&#8221; button_one_url=&#8221;https:\/\/benedictum.hu\/#ajanlatkeres&#8221; header_image_url=&#8221;https:\/\/benedictum.hu\/wp-content\/uploads\/2023\/04\/benedictum-forditas-jogi-forditas-header.jpg&#8221; _builder_version=&#8221;4.21.0&#8243; _module_preset=&#8221;default&#8221; title_font=&#8221;Montserrat|||on|||||&#8221; title_text_color=&#8221;#000000&#8243; title_font_size=&#8221;42px&#8221; content_font=&#8221;Montserrat|300|||||||&#8221; content_text_color=&#8221;#000000&#8243; content_font_size=&#8221;19px&#8221; subhead_font=&#8221;Montserrat|900|||||||&#8221; subhead_text_color=&#8221;#000000&#8243; subhead_font_size=&#8221;51px&#8221; subhead_line_height=&#8221;1.3em&#8221; background_color=&#8221;#FFFFFF&#8221; custom_button_one=&#8221;on&#8221; button_one_bg_color=&#8221;#fcbf01&#8243; button_one_border_width=&#8221;0px&#8221; button_one_border_radius=&#8221;10px&#8221; width=&#8221;100%&#8221; max_width=&#8221;100%&#8221; module_alignment=&#8221;center&#8221; hover_enabled=&#8221;0&#8243; global_colors_info=&#8221;{}&#8221; content_line_height=&#8221;1.8em&#8221; sticky_enabled=&#8221;0&#8243;]<\/p>\n<p>C\u00e9gn\u00e9v: BeneDictum Kft.<\/p>\n<p>A t\u00e1rsas\u00e1g sz\u00e9khelye: 1066 Budapest, Zichy Jen\u0151 utca 38. fsz 1.<\/p>\n<p>A t\u00e1rsas\u00e1g fi\u00f3ktelepe: 1066 Budapest, Zichy Jen\u0151 utca 38. fsz 1.<\/p>\n<p>\u200b3530 Miskolc Sz\u00e9chenyi Istv\u00e1n \u00fat 68. els\u0151 emelet, f\u00fcgg\u0151folyos\u00f3<\/p>\n<p>\u200b4026 Debrecen P\u00e9terfia utca 4. 2\/208.<\/p>\n<p>Mobil: +36 20 2642-310<\/p>\n<p>E-mail: <a href=\"mailto:budapest@benedictum.hu\">budapest@benedictum.hu<\/a><\/p>\n<p>Honlap: <a href=\"https:\/\/benedictum.hu\/en\/\">www.benedictum.hu<\/a><\/p>\n<p>C\u00e9gjegyz\u00e9ksz\u00e1m: 01 09 914156<\/p>\n<p>Ad\u00f3sz\u00e1m: 13231105-2-42<\/p>\n<p>T\u00e1rhely szolg\u00e1ltat\u00f3 neve, el\u00e9rhet\u0151s\u00e9ge:<span> tarhely.eu, telefon:\u00a0<\/span><a href=\"tel: 3617892789\"><span>+36 1 789 2 789<\/span><\/a><\/p>\n<p><span>mail:\u00a0<\/span><a href=\"mailto:support@tarhely.eu\"><span>support@tarhely.eu<\/span><\/a><\/p>\n<p>[\/et_pb_fullwidth_header][\/et_pb_section]<\/p>","protected":false},"excerpt":{"rendered":"<p>C\u00e9gn\u00e9v: BeneDictum Kft. A t\u00e1rsas\u00e1g sz\u00e9khelye: 1066 Budapest, Zichy Jen\u0151 utca 38. fsz 1. A t\u00e1rsas\u00e1g fi\u00f3ktelepe: 1066 Budapest, Zichy Jen\u0151 utca 38. fsz 1. \u200b3530 Miskolc Sz\u00e9chenyi Istv\u00e1n \u00fat 68. els\u0151 emelet, f\u00fcgg\u0151folyos\u00f3 \u200b4026 Debrecen P\u00e9terfia utca 4. 2\/208. Mobil: +36 20 2642-310 E-mail: budapest@benedictum.hu Honlap: www.benedictum.hu C\u00e9gjegyz\u00e9ksz\u00e1m: 01 09 914156 Ad\u00f3sz\u00e1m: 13231105-2-42 T\u00e1rhely szolg\u00e1ltat\u00f3 neve, el\u00e9rhet\u0151s\u00e9ge: tarhely.eu, telefon:\u00a0+36 1 789 2 789 mail:\u00a0support@tarhely.eu<\/p>","protected":false},"author":1,"featured_media":229927,"parent":0,"menu_order":0,"comment_status":"closed","ping_status":"closed","template":"","meta":{"_et_pb_use_builder":"on","_et_pb_old_content":"","_et_gb_content_width":"","_monsterinsights_skip_tracking":false,"_monsterinsights_sitenote_active":false,"_monsterinsights_sitenote_note":"","_monsterinsights_sitenote_category":0,"footnotes":""},"class_list":["post-229982","page","type-page","status-publish","has-post-thumbnail","hentry"],"_links":{"self":[{"href":"https:\/\/benedictum.hu\/en\/wp-json\/wp\/v2\/pages\/229982","targetHints":{"allow":["GET"]}}],"collection":[{"href":"https:\/\/benedictum.hu\/en\/wp-json\/wp\/v2\/pages"}],"about":[{"href":"https:\/\/benedictum.hu\/en\/wp-json\/wp\/v2\/types\/page"}],"author":[{"embeddable":true,"href":"https:\/\/benedictum.hu\/en\/wp-json\/wp\/v2\/users\/1"}],"replies":[{"embeddable":true,"href":"https:\/\/benedictum.hu\/en\/wp-json\/wp\/v2\/comments?post=229982"}],"version-history":[{"count":4,"href":"https:\/\/benedictum.hu\/en\/wp-json\/wp\/v2\/pages\/229982\/revisions"}],"predecessor-version":[{"id":229990,"href":"https:\/\/benedictum.hu\/en\/wp-json\/wp\/v2\/pages\/229982\/revisions\/229990"}],"wp:featuredmedia":[{"embeddable":true,"href":"https:\/\/benedictum.hu\/en\/wp-json\/wp\/v2\/media\/229927"}],"wp:attachment":[{"href":"https:\/\/benedictum.hu\/en\/wp-json\/wp\/v2\/media?parent=229982"}],"curies":[{"name":"wp","href":"https:\/\/api.w.org\/{rel}","templated":true}]}}